

{"id":14,"date":"2024-11-27T06:49:41","date_gmt":"2024-11-27T06:49:41","guid":{"rendered":"http:\/\/localhost\/one-hotel-prive\/?page_id=14"},"modified":"2025-11-04T04:53:28","modified_gmt":"2025-11-04T04:53:28","slug":"contact","status":"publish","type":"page","link":"https:\/\/oap-new.envigo-tech.co.uk\/de\/contact\/","title":{"rendered":"Kontakt"},"content":{"rendered":"<div data-elementor-type=\"wp-page\" data-elementor-id=\"14\" class=\"elementor elementor-14\" data-elementor-post-type=\"page\">\n\t\t\t\t<div class=\"elementor-element elementor-element-1fc80616 e-con-full e-flex e-con e-child\" data-id=\"1fc80616\" data-element_type=\"container\" data-settings=\"{&quot;background_background&quot;:&quot;classic&quot;}\">\n\t\t\t\t<div class=\"elementor-element elementor-element-7dc02193 animated-slow elementor-invisible elementor-widget elementor-widget-text-editor\" data-id=\"7dc02193\" data-element_type=\"widget\" data-settings=\"{&quot;_animation&quot;:&quot;fadeIn&quot;}\" data-widget_type=\"text-editor.default\">\n\t\t\t\t<div class=\"elementor-widget-container\">\n\t\t\t\t\t\t\t<p>Kontaktieren Sie uns f\u00fcr exklusive Luxusaufenthalte<\/p>\t\t\t\t\t\t<\/div>\n\t\t\t\t<\/div>\n\t\t\t\t<div class=\"elementor-element elementor-element-2578d754 animated-slow elementor-invisible elementor-widget elementor-widget-heading\" data-id=\"2578d754\" data-element_type=\"widget\" data-settings=\"{&quot;_animation&quot;:&quot;fadeIn&quot;}\" data-widget_type=\"heading.default\">\n\t\t\t\t<div class=\"elementor-widget-container\">\n\t\t\t<h1 class=\"elementor-heading-title elementor-size-default\">Kontaktieren Sie uns<\/h1>\t\t<\/div>\n\t\t\t\t<\/div>\n\t\t\t\t<\/div>\n\t\t<div class=\"elementor-element elementor-element-89b048e e-flex e-con-boxed e-con e-parent\" data-id=\"89b048e\" data-element_type=\"container\">\n\t\t\t\t\t<div class=\"e-con-inner\">\n\t\t<div class=\"elementor-element elementor-element-e29fe69 e-con-full e-flex e-con e-child\" data-id=\"e29fe69\" data-element_type=\"container\">\n\t\t\t\t<div class=\"elementor-element elementor-element-0052f15 elementor-widget elementor-widget-heading\" data-id=\"0052f15\" data-element_type=\"widget\" data-widget_type=\"heading.default\">\n\t\t\t\t<div class=\"elementor-widget-container\">\n\t\t\t<h2 class=\"elementor-heading-title elementor-size-default\">One H\u00f4tel Priv\u00e9<\/h2>\t\t<\/div>\n\t\t\t\t<\/div>\n\t\t\t\t<div class=\"elementor-element elementor-element-70e7710 elementor-widget-divider--view-line elementor-widget elementor-widget-divider\" data-id=\"70e7710\" data-element_type=\"widget\" data-widget_type=\"divider.default\">\n\t\t\t\t<div class=\"elementor-widget-container\">\n\t\t\t\t\t<div class=\"elementor-divider\">\n\t\t\t<span class=\"elementor-divider-separator\">\n\t\t\t\t\t\t<\/span>\n\t\t<\/div>\n\t\t\t\t<\/div>\n\t\t\t\t<\/div>\n\t\t\t\t<div class=\"elementor-element elementor-element-3340b85 elementor-icon-list--layout-traditional elementor-list-item-link-full_width elementor-widget elementor-widget-icon-list\" data-id=\"3340b85\" data-element_type=\"widget\" data-widget_type=\"icon-list.default\">\n\t\t\t\t<div class=\"elementor-widget-container\">\n\t\t\t\t\t<ul class=\"elementor-icon-list-items\">\n\t\t\t\t\t\t\t<li class=\"elementor-icon-list-item\">\n\t\t\t\t\t\t\t\t\t\t\t<span class=\"elementor-icon-list-icon\">\n\t\t\t\t\t\t\t<svg xmlns=\"http:\/\/www.w3.org\/2000\/svg\" width=\"24\" height=\"24\" viewbox=\"0 0 24 24\" fill=\"none\"><mask id=\"mask0_6223_630\" style=\"mask-type:alpha\" maskunits=\"userSpaceOnUse\" x=\"0\" y=\"0\" width=\"24\" height=\"24\"><rect width=\"24\" height=\"24\" fill=\"#D9D9D9\"><\/rect><\/mask><g mask=\"url(#mask0_6223_630)\"><path d=\"M12 16.475C13.65 15.1417 14.8958 13.8583 15.7375 12.625C16.5792 11.3917 17 10.2333 17 9.15C17 7.65 16.5333 6.41667 15.6 5.45C14.6667 4.48333 13.4667 4 12 4C10.5333 4 9.33333 4.48333 8.4 5.45C7.46667 6.41667 7 7.65 7 9.15C7 10.2333 7.42083 11.3917 8.2625 12.625C9.10417 13.8583 10.35 15.1417 12 16.475ZM12 19C9.65 17.2667 7.89583 15.5833 6.7375 13.95C5.57917 12.3167 5 10.7167 5 9.15C5 7.06667 5.65 5.35417 6.95 4.0125C8.25 2.67083 9.93333 2 12 2C14.0667 2 15.75 2.67083 17.05 4.0125C18.35 5.35417 19 7.06667 19 9.15C19 10.7167 18.4208 12.3167 17.2625 13.95C16.1042 15.5833 14.35 17.2667 12 19ZM12 11C12.55 11 13.0208 10.8042 13.4125 10.4125C13.8042 10.0208 14 9.55 14 9C14 8.45 13.8042 7.97917 13.4125 7.5875C13.0208 7.19583 12.55 7 12 7C11.45 7 10.9792 7.19583 10.5875 7.5875C10.1958 7.97917 10 8.45 10 9C10 9.55 10.1958 10.0208 10.5875 10.4125C10.9792 10.8042 11.45 11 12 11ZM5 22V20H19V22H5Z\" fill=\"#BD9035\"><\/path><\/g><\/svg>\t\t\t\t\t\t<\/span>\n\t\t\t\t\t\t\t\t\t\t<span class=\"elementor-icon-list-text\">11 Avenue Jean M\u00e9decin, NICE 06000, Frankreich<\/span>\n\t\t\t\t\t\t\t\t\t<\/li>\n\t\t\t\t\t\t\t\t<li class=\"elementor-icon-list-item\">\n\t\t\t\t\t\t\t\t\t\t\t<a href=\"mailto:info@onehotelprive.com\">\n\n\t\t\t\t\t\t\t\t\t\t\t\t<span class=\"elementor-icon-list-icon\">\n\t\t\t\t\t\t\t<svg xmlns=\"http:\/\/www.w3.org\/2000\/svg\" width=\"24\" height=\"24\" viewbox=\"0 0 24 24\" fill=\"none\"><g id=\"alternate_email\"><mask id=\"mask0_6223_636\" style=\"mask-type:alpha\" maskunits=\"userSpaceOnUse\" x=\"0\" y=\"0\" width=\"24\" height=\"24\"><rect id=\"Bounding box\" width=\"24\" height=\"24\" fill=\"#D9D9D9\"><\/rect><\/mask><g mask=\"url(#mask0_6223_636)\"><path id=\"alternate_email_2\" d=\"M12 22C10.6167 22 9.31667 21.7375 8.1 21.2125C6.88333 20.6875 5.825 19.975 4.925 19.075C4.025 18.175 3.3125 17.1167 2.7875 15.9C2.2625 14.6833 2 13.3833 2 12C2 10.6167 2.2625 9.31667 2.7875 8.1C3.3125 6.88333 4.025 5.825 4.925 4.925C5.825 4.025 6.88333 3.3125 8.1 2.7875C9.31667 2.2625 10.6167 2 12 2C13.3833 2 14.6833 2.2625 15.9 2.7875C17.1167 3.3125 18.175 4.025 19.075 4.925C19.975 5.825 20.6875 6.88333 21.2125 8.1C21.7375 9.31667 22 10.6167 22 12V13.45C22 14.4333 21.6625 15.2708 20.9875 15.9625C20.3125 16.6542 19.4833 17 18.5 17C17.9167 17 17.3667 16.875 16.85 16.625C16.3333 16.375 15.9 16.0167 15.55 15.55C15.0667 16.0333 14.5208 16.3958 13.9125 16.6375C13.3042 16.8792 12.6667 17 12 17C10.6167 17 9.4375 16.5125 8.4625 15.5375C7.4875 14.5625 7 13.3833 7 12C7 10.6167 7.4875 9.4375 8.4625 8.4625C9.4375 7.4875 10.6167 7 12 7C13.3833 7 14.5625 7.4875 15.5375 8.4625C16.5125 9.4375 17 10.6167 17 12V13.45C17 13.8833 17.1417 14.25 17.425 14.55C17.7083 14.85 18.0667 15 18.5 15C18.9333 15 19.2917 14.85 19.575 14.55C19.8583 14.25 20 13.8833 20 13.45V12C20 9.76667 19.225 7.875 17.675 6.325C16.125 4.775 14.2333 4 12 4C9.76667 4 7.875 4.775 6.325 6.325C4.775 7.875 4 9.76667 4 12C4 14.2333 4.775 16.125 6.325 17.675C7.875 19.225 9.76667 20 12 20H17V22H12ZM12 15C12.8333 15 13.5417 14.7083 14.125 14.125C14.7083 13.5417 15 12.8333 15 12C15 11.1667 14.7083 10.4583 14.125 9.875C13.5417 9.29167 12.8333 9 12 9C11.1667 9 10.4583 9.29167 9.875 9.875C9.29167 10.4583 9 11.1667 9 12C9 12.8333 9.29167 13.5417 9.875 14.125C10.4583 14.7083 11.1667 15 12 15Z\" fill=\"#BD9035\"><\/path><\/g><\/g><\/svg>\t\t\t\t\t\t<\/span>\n\t\t\t\t\t\t\t\t\t\t<span class=\"elementor-icon-list-text\">info@onehotelprive.com<\/span>\n\t\t\t\t\t\t\t\t\t\t\t<\/a>\n\t\t\t\t\t\t\t\t\t<\/li>\n\t\t\t\t\t\t\t\t<li class=\"elementor-icon-list-item\">\n\t\t\t\t\t\t\t\t\t\t\t<a href=\"tel:+33685970338\">\n\n\t\t\t\t\t\t\t\t\t\t\t\t<span class=\"elementor-icon-list-icon\">\n\t\t\t\t\t\t\t<svg xmlns=\"http:\/\/www.w3.org\/2000\/svg\" width=\"24\" height=\"24\" viewbox=\"0 0 24 24\" fill=\"none\"><g id=\"call\"><mask id=\"mask0_6223_642\" style=\"mask-type:alpha\" maskunits=\"userSpaceOnUse\" x=\"0\" y=\"0\" width=\"24\" height=\"24\"><rect id=\"Bounding box\" width=\"24\" height=\"24\" fill=\"#D9D9D9\"><\/rect><\/mask><g mask=\"url(#mask0_6223_642)\"><path id=\"call_2\" d=\"M19.95 21C17.8667 21 15.8083 20.5458 13.775 19.6375C11.7417 18.7292 9.89167 17.4417 8.225 15.775C6.55833 14.1083 5.27083 12.2583 4.3625 10.225C3.45417 8.19167 3 6.13333 3 4.05C3 3.75 3.1 3.5 3.3 3.3C3.5 3.1 3.75 3 4.05 3H8.1C8.33333 3 8.54167 3.07917 8.725 3.2375C8.90833 3.39583 9.01667 3.58333 9.05 3.8L9.7 7.3C9.73333 7.56667 9.725 7.79167 9.675 7.975C9.625 8.15833 9.53333 8.31667 9.4 8.45L6.975 10.9C7.30833 11.5167 7.70417 12.1125 8.1625 12.6875C8.62083 13.2625 9.125 13.8167 9.675 14.35C10.1917 14.8667 10.7333 15.3458 11.3 15.7875C11.8667 16.2292 12.4667 16.6333 13.1 17L15.45 14.65C15.6 14.5 15.7958 14.3875 16.0375 14.3125C16.2792 14.2375 16.5167 14.2167 16.75 14.25L20.2 14.95C20.4333 15.0167 20.625 15.1375 20.775 15.3125C20.925 15.4875 21 15.6833 21 15.9V19.95C21 20.25 20.9 20.5 20.7 20.7C20.5 20.9 20.25 21 19.95 21ZM6.025 9L7.675 7.35L7.25 5H5.025C5.10833 5.68333 5.225 6.35833 5.375 7.025C5.525 7.69167 5.74167 8.35 6.025 9ZM14.975 17.95C15.625 18.2333 16.2875 18.4583 16.9625 18.625C17.6375 18.7917 18.3167 18.9 19 18.95V16.75L16.65 16.275L14.975 17.95Z\" fill=\"#BD9035\"><\/path><\/g><\/g><\/svg>\t\t\t\t\t\t<\/span>\n\t\t\t\t\t\t\t\t\t\t<span class=\"elementor-icon-list-text\">+33 685 970338<\/span>\n\t\t\t\t\t\t\t\t\t\t\t<\/a>\n\t\t\t\t\t\t\t\t\t<\/li>\n\t\t\t\t\t\t\t\t<li class=\"elementor-icon-list-item\">\n\t\t\t\t\t\t\t\t\t\t\t<a href=\"tel:+44203465%209130\">\n\n\t\t\t\t\t\t\t\t\t\t\t\t<span class=\"elementor-icon-list-icon\">\n\t\t\t\t\t\t\t<svg xmlns=\"http:\/\/www.w3.org\/2000\/svg\" width=\"25\" height=\"25\" viewbox=\"0 0 25 25\" fill=\"none\"><path d=\"M14.827 10.5858L23.9337 0H21.7757L13.8684 9.1915L7.55282 0H0.268555L9.81894 13.8992L0.268555 25H2.42667L10.777 15.2935L17.4467 25H24.731L14.8265 10.5858H14.827ZM11.8712 14.0216L10.9035 12.6376L3.20427 1.62459H6.51901L12.7324 10.5124L13.7001 11.8965L21.7767 23.4493H18.462L11.8712 14.0222V14.0216Z\" fill=\"white\"><\/path><\/svg>\t\t\t\t\t\t<\/span>\n\t\t\t\t\t\t\t\t\t\t<span class=\"elementor-icon-list-text\">+44 203 465 9130<\/span>\n\t\t\t\t\t\t\t\t\t\t\t<\/a>\n\t\t\t\t\t\t\t\t\t<\/li>\n\t\t\t\t\t\t\t\t<li class=\"elementor-icon-list-item\">\n\t\t\t\t\t\t\t\t\t\t\t<a href=\"https:\/\/wa.me\/message\/EMYBEUSBONEWN1\" target=\"_blank\">\n\n\t\t\t\t\t\t\t\t\t\t\t\t<span class=\"elementor-icon-list-icon\">\n\t\t\t\t\t\t\t<svg xmlns=\"http:\/\/www.w3.org\/2000\/svg\" width=\"20\" height=\"20\" viewbox=\"0 0 20 20\" fill=\"none\"><path id=\"Vector\" fill-rule=\"evenodd\" clip-rule=\"evenodd\" d=\"M12.3875 11.1691C12.009 11.3238 11.7672 11.9163 11.5219 12.2191C11.3961 12.3742 11.2461 12.3984 11.0528 12.3206C9.63209 11.7546 8.54303 10.8066 7.75905 9.49917C7.62624 9.29644 7.65006 9.13628 7.81022 8.948C8.04694 8.6691 8.34459 8.3523 8.40865 7.97652C8.55084 7.14528 7.46413 4.56677 6.02898 5.73513C1.89931 9.10034 12.918 18.0257 14.9067 13.1984C15.4692 11.83 13.0149 10.9121 12.3875 11.1691ZM10.0001 18.253C8.53951 18.253 7.10241 17.8648 5.84421 17.1296C5.64226 17.0112 5.39812 16.98 5.17234 17.0413L2.43837 17.7917L3.39071 15.6937C3.5204 15.4081 3.4872 15.0757 3.30399 14.8218C2.28525 13.4097 1.74658 11.7425 1.74658 9.99995C1.74658 5.4488 5.4489 1.74648 10.0001 1.74648C14.5512 1.74648 18.2531 5.4488 18.2531 9.99995C18.2531 14.5507 14.5508 18.253 10.0001 18.253ZM10.0001 0C4.48602 0 0.000104543 4.48591 0.000104543 9.99995C0.000104543 11.9398 0.550883 13.8027 1.59736 15.4195L0.0782291 18.7651C-0.0620045 19.0741 -0.0108329 19.4358 0.208697 19.6933C0.377446 19.8905 0.621586 19.9999 0.873537 19.9999C1.43682 19.9999 4.50828 19.0347 5.28992 18.8202C6.73483 19.5933 8.35553 19.9999 10.0001 19.9999C15.5137 19.9999 20 15.5136 20 9.99995C20 4.48591 15.5137 0 10.0001 0Z\" fill=\"#BD9035\"><\/path><\/svg>\t\t\t\t\t\t<\/span>\n\t\t\t\t\t\t\t\t\t\t<span class=\"elementor-icon-list-text\">+33 685 970338<\/span>\n\t\t\t\t\t\t\t\t\t\t\t<\/a>\n\t\t\t\t\t\t\t\t\t<\/li>\n\t\t\t\t\t\t<\/ul>\n\t\t\t\t<\/div>\n\t\t\t\t<\/div>\n\t\t\t\t<\/div>\n\t\t<div class=\"elementor-element elementor-element-3a3a14a e-con-full e-flex e-con e-child\" data-id=\"3a3a14a\" data-element_type=\"container\" data-settings=\"{&quot;background_background&quot;:&quot;classic&quot;}\">\n\t\t\t\t<div class=\"elementor-element elementor-element-1feaccc elementor-widget elementor-widget-text-editor\" data-id=\"1feaccc\" data-element_type=\"widget\" data-widget_type=\"text-editor.default\">\n\t\t\t\t<div class=\"elementor-widget-container\">\n\t\t\t\t\t\t\t<p>Wenn Sie eine Anfrage haben oder eine Brosch\u00fcre f\u00fcr eine einzelne Luxusimmobilie erhalten m\u00f6chten, z\u00f6gern Sie bitte nicht, uns zu kontaktieren.<\/p>\t\t\t\t\t\t<\/div>\n\t\t\t\t<\/div>\n\t\t\t\t<div class=\"elementor-element elementor-element-f2d0674 elementor-widget elementor-widget-shortcode\" data-id=\"f2d0674\" data-element_type=\"widget\" data-widget_type=\"shortcode.default\">\n\t\t\t\t<div class=\"elementor-widget-container\">\n\t\t\t\t\t<div class=\"elementor-shortcode\">\n<div class=\"wpcf7 no-js\" id=\"wpcf7-f1033-o1\" lang=\"en-US\" dir=\"ltr\" data-wpcf7-id=\"1033\">\n<div class=\"screen-reader-response\"><p role=\"status\" aria-live=\"polite\" aria-atomic=\"true\"><\/p> <ul><\/ul><\/div>\n<form action=\"\/de\/wp-json\/wp\/v2\/pages\/14#wpcf7-f1033-o1\" method=\"post\" class=\"wpcf7-form init\" aria-label=\"Contact form\" novalidate=\"novalidate\" data-status=\"init\" data-trp-original-action=\"\/de\/wp-json\/wp\/v2\/pages\/14#wpcf7-f1033-o1\">\n<div style=\"display: none;\">\n<input type=\"hidden\" name=\"_wpcf7\" value=\"1033\" \/>\n<input type=\"hidden\" name=\"_wpcf7_version\" value=\"6.0.3\" \/>\n<input type=\"hidden\" name=\"_wpcf7_locale\" value=\"en_US\" \/>\n<input type=\"hidden\" name=\"_wpcf7_unit_tag\" value=\"wpcf7-f1033-o1\" \/>\n<input type=\"hidden\" name=\"_wpcf7_container_post\" value=\"0\" \/>\n<input type=\"hidden\" name=\"_wpcf7_posted_data_hash\" value=\"\" \/>\n<\/div>\n<p><span class=\"wpcf7-form-control-wrap\" data-name=\"your-name\"><input size=\"40\" maxlength=\"400\" class=\"wpcf7-form-control wpcf7-text wpcf7-validates-as-required\" aria-required=\"true\" aria-invalid=\"false\" placeholder=\"Geben Sie Ihren vollst\u00e4ndigen Namen ein\" value=\"\" type=\"text\" name=\"your-name\" \/><\/span>\n<\/p>\n<p><span class=\"wpcf7-form-control-wrap\" data-name=\"your-email\"><input size=\"40\" maxlength=\"400\" class=\"wpcf7-form-control wpcf7-email wpcf7-validates-as-required wpcf7-text wpcf7-validates-as-email\" aria-required=\"true\" aria-invalid=\"false\" placeholder=\"Geben Sie Ihre E-Mail-Adresse ein\" value=\"\" type=\"email\" name=\"your-email\" \/><\/span>\n<\/p>\n<p><span class=\"wpcf7-form-control-wrap\" data-name=\"your-contact\"><input size=\"40\" maxlength=\"400\" class=\"wpcf7-form-control wpcf7-tel wpcf7-validates-as-required wpcf7-text wpcf7-validates-as-tel\" aria-required=\"true\" aria-invalid=\"false\" placeholder=\"Geben Sie Ihre Kontaktnummer ein\" value=\"\" type=\"tel\" name=\"your-contact\" \/><\/span>\n<\/p>\n<p><span class=\"wpcf7-form-control-wrap\" data-name=\"your-property\"><select class=\"wpcf7-form-control wpcf7-select\" aria-invalid=\"false\" name=\"your-property\"><option value=\"Select\">Select<\/option><option value=\"Le-coquelicot\">Le-coquelicot<\/option><option value=\"Le Blanchot\">Le Blanchot<\/option><option value=\"La Gabbia\">La Gabbia<\/option><option value=\"Water\u2019s Edge\">Water\u2019s Edge<\/option><\/select><\/span>\n<\/p>\n<p><span class=\"wpcf7-form-control-wrap\" data-name=\"your-message\"><textarea cols=\"40\" rows=\"10\" maxlength=\"2000\" class=\"wpcf7-form-control wpcf7-textarea\" aria-invalid=\"false\" placeholder=\"Geben Sie Ihre Nachricht ein\" name=\"your-message\"><\/textarea><\/span>\n<\/p>\n<p><input class=\"wpcf7-form-control wpcf7-submit has-spinner\" type=\"submit\" value=\"Senden\" \/>\n<\/p><div class=\"wpcf7-response-output\" aria-hidden=\"true\"><\/div>\n<input type=\"hidden\" name=\"trp-form-language\" value=\"de\"\/><\/form>\n<\/div>\n<\/div>\n\t\t\t\t<\/div>\n\t\t\t\t<\/div>\n\t\t\t\t<\/div>\n\t\t\t\t\t<\/div>\n\t\t\t\t<\/div>\n\t\t\t\t<\/div>","protected":false},"excerpt":{"rendered":"<p>Get in Touch for Exclusive Luxury Stays Contact us One H\u00f4tel Priv\u00e9 11 Avenue Jean M\u00e9decin, NICE 06000, France info@onehotelprive.com +33 685 970338 +44 203 465 9130 +33 685 970338 If you have an enquiry or would like to receive a brochure for an individual luxury property, please feel free to get in touch.<\/p>","protected":false},"author":11,"featured_media":8919,"parent":0,"menu_order":0,"comment_status":"closed","ping_status":"closed","template":"","meta":{"footnotes":""},"page-category":[],"class_list":["post-14","page","type-page","status-publish","has-post-thumbnail","hentry"],"acf":[],"yoast_head":"<!-- This site is optimized with the Yoast SEO plugin v25.7 - https:\/\/yoast.com\/wordpress\/plugins\/seo\/ -->\n<title>Get in Touch with ONE H\u00f4tel Priv\u00e9<\/title>\n<meta name=\"description\" content=\"Contact ONE H\u00f4tel Priv\u00e9 for bespoke luxury stays in France. From Paris to the French Riviera, let us curate your perfect getaway. Get in touch today!\" \/>\n<meta name=\"robots\" content=\"noindex, follow, max-snippet:-1, max-image-preview:large, max-video-preview:-1\" \/>\n<meta property=\"og:locale\" content=\"de_DE\" \/>\n<meta property=\"og:type\" content=\"article\" \/>\n<meta property=\"og:title\" content=\"Get in Touch with ONE H\u00f4tel Priv\u00e9\" \/>\n<meta property=\"og:description\" content=\"Contact ONE H\u00f4tel Priv\u00e9 for bespoke luxury stays in France. From Paris to the French Riviera, let us curate your perfect getaway. Get in touch today!\" \/>\n<meta property=\"og:url\" content=\"https:\/\/oap-new.envigo-tech.co.uk\/de\/contact\/\" \/>\n<meta property=\"og:site_name\" content=\"One Hotel Prive\" \/>\n<meta property=\"article:modified_time\" content=\"2025-11-04T04:53:28+00:00\" \/>\n<meta property=\"og:image\" content=\"https:\/\/oap-new.envigo-tech.co.uk\/wp-content\/uploads\/2025\/03\/Contact-us-Headmast-Banner.jpg\" \/>\n\t<meta property=\"og:image:width\" content=\"1440\" \/>\n\t<meta property=\"og:image:height\" content=\"513\" \/>\n\t<meta property=\"og:image:type\" content=\"image\/jpeg\" \/>\n<meta name=\"twitter:card\" content=\"summary_large_image\" \/>\n<meta name=\"twitter:label1\" content=\"Gesch\u00e4tzte Lesezeit\" \/>\n\t<meta name=\"twitter:data1\" content=\"1 Minute\" \/>\n<script type=\"application\/ld+json\" class=\"yoast-schema-graph\">{\"@context\":\"https:\/\/schema.org\",\"@graph\":[{\"@type\":\"WebPage\",\"@id\":\"https:\/\/oap-new.envigo-tech.co.uk\/contact\/\",\"url\":\"https:\/\/oap-new.envigo-tech.co.uk\/contact\/\",\"name\":\"Get in Touch with ONE H\u00f4tel Priv\u00e9\",\"isPartOf\":{\"@id\":\"https:\/\/oap-new.envigo-tech.co.uk\/#website\"},\"primaryImageOfPage\":{\"@id\":\"https:\/\/oap-new.envigo-tech.co.uk\/contact\/#primaryimage\"},\"image\":{\"@id\":\"https:\/\/oap-new.envigo-tech.co.uk\/contact\/#primaryimage\"},\"thumbnailUrl\":\"https:\/\/oap-new.envigo-tech.co.uk\/wp-content\/uploads\/2025\/03\/Contact-us-Headmast-Banner.jpg\",\"datePublished\":\"2024-11-27T06:49:41+00:00\",\"dateModified\":\"2025-11-04T04:53:28+00:00\",\"description\":\"Contact ONE H\u00f4tel Priv\u00e9 for bespoke luxury stays in France. From Paris to the French Riviera, let us curate your perfect getaway. Get in touch today!\",\"breadcrumb\":{\"@id\":\"https:\/\/oap-new.envigo-tech.co.uk\/contact\/#breadcrumb\"},\"inLanguage\":\"de\",\"potentialAction\":[{\"@type\":\"ReadAction\",\"target\":[\"https:\/\/oap-new.envigo-tech.co.uk\/contact\/\"]}]},{\"@type\":\"ImageObject\",\"inLanguage\":\"de\",\"@id\":\"https:\/\/oap-new.envigo-tech.co.uk\/contact\/#primaryimage\",\"url\":\"https:\/\/oap-new.envigo-tech.co.uk\/wp-content\/uploads\/2025\/03\/Contact-us-Headmast-Banner.jpg\",\"contentUrl\":\"https:\/\/oap-new.envigo-tech.co.uk\/wp-content\/uploads\/2025\/03\/Contact-us-Headmast-Banner.jpg\",\"width\":1440,\"height\":513,\"caption\":\"Banner\"},{\"@type\":\"BreadcrumbList\",\"@id\":\"https:\/\/oap-new.envigo-tech.co.uk\/contact\/#breadcrumb\",\"itemListElement\":[{\"@type\":\"ListItem\",\"position\":1,\"name\":\"Home\",\"item\":\"https:\/\/oap-new.envigo-tech.co.uk\/\"},{\"@type\":\"ListItem\",\"position\":2,\"name\":\"Contact\"}]},{\"@type\":\"WebSite\",\"@id\":\"https:\/\/oap-new.envigo-tech.co.uk\/#website\",\"url\":\"https:\/\/oap-new.envigo-tech.co.uk\/\",\"name\":\"One Hotel Prive\",\"description\":\"\",\"publisher\":{\"@id\":\"https:\/\/oap-new.envigo-tech.co.uk\/#organization\"},\"potentialAction\":[{\"@type\":\"SearchAction\",\"target\":{\"@type\":\"EntryPoint\",\"urlTemplate\":\"https:\/\/oap-new.envigo-tech.co.uk\/?s={search_term_string}\"},\"query-input\":{\"@type\":\"PropertyValueSpecification\",\"valueRequired\":true,\"valueName\":\"search_term_string\"}}],\"inLanguage\":\"de\"},{\"@type\":\"Organization\",\"@id\":\"https:\/\/oap-new.envigo-tech.co.uk\/#organization\",\"name\":\"One Hotel Prive\",\"url\":\"https:\/\/oap-new.envigo-tech.co.uk\/\",\"logo\":{\"@type\":\"ImageObject\",\"inLanguage\":\"de\",\"@id\":\"https:\/\/oap-new.envigo-tech.co.uk\/#\/schema\/logo\/image\/\",\"url\":\"https:\/\/oap-new.envigo-tech.co.uk\/wp-content\/uploads\/2024\/11\/ohp-logo.png\",\"contentUrl\":\"https:\/\/oap-new.envigo-tech.co.uk\/wp-content\/uploads\/2024\/11\/ohp-logo.png\",\"width\":204,\"height\":22,\"caption\":\"One Hotel Prive\"},\"image\":{\"@id\":\"https:\/\/oap-new.envigo-tech.co.uk\/#\/schema\/logo\/image\/\"}}]}<\/script>\n<!-- \/ Yoast SEO plugin. -->","yoast_head_json":{"title":"Get in Touch with ONE H\u00f4tel Priv\u00e9","description":"Contact ONE H\u00f4tel Priv\u00e9 for bespoke luxury stays in France. From Paris to the French Riviera, let us curate your perfect getaway. Get in touch today!","robots":{"index":"noindex","follow":"follow","max-snippet":"max-snippet:-1","max-image-preview":"max-image-preview:large","max-video-preview":"max-video-preview:-1"},"og_locale":"de_DE","og_type":"article","og_title":"Get in Touch with ONE H\u00f4tel Priv\u00e9","og_description":"Contact ONE H\u00f4tel Priv\u00e9 for bespoke luxury stays in France. From Paris to the French Riviera, let us curate your perfect getaway. Get in touch today!","og_url":"https:\/\/oap-new.envigo-tech.co.uk\/de\/contact\/","og_site_name":"One Hotel Prive","article_modified_time":"2025-11-04T04:53:28+00:00","og_image":[{"width":1440,"height":513,"url":"https:\/\/oap-new.envigo-tech.co.uk\/wp-content\/uploads\/2025\/03\/Contact-us-Headmast-Banner.jpg","type":"image\/jpeg"}],"twitter_card":"summary_large_image","twitter_misc":{"Gesch\u00e4tzte Lesezeit":"1 Minute"},"schema":{"@context":"https:\/\/schema.org","@graph":[{"@type":"WebPage","@id":"https:\/\/oap-new.envigo-tech.co.uk\/contact\/","url":"https:\/\/oap-new.envigo-tech.co.uk\/contact\/","name":"Get in Touch with ONE H\u00f4tel Priv\u00e9","isPartOf":{"@id":"https:\/\/oap-new.envigo-tech.co.uk\/#website"},"primaryImageOfPage":{"@id":"https:\/\/oap-new.envigo-tech.co.uk\/contact\/#primaryimage"},"image":{"@id":"https:\/\/oap-new.envigo-tech.co.uk\/contact\/#primaryimage"},"thumbnailUrl":"https:\/\/oap-new.envigo-tech.co.uk\/wp-content\/uploads\/2025\/03\/Contact-us-Headmast-Banner.jpg","datePublished":"2024-11-27T06:49:41+00:00","dateModified":"2025-11-04T04:53:28+00:00","description":"Contact ONE H\u00f4tel Priv\u00e9 for bespoke luxury stays in France. From Paris to the French Riviera, let us curate your perfect getaway. Get in touch today!","breadcrumb":{"@id":"https:\/\/oap-new.envigo-tech.co.uk\/contact\/#breadcrumb"},"inLanguage":"de","potentialAction":[{"@type":"ReadAction","target":["https:\/\/oap-new.envigo-tech.co.uk\/contact\/"]}]},{"@type":"ImageObject","inLanguage":"de","@id":"https:\/\/oap-new.envigo-tech.co.uk\/contact\/#primaryimage","url":"https:\/\/oap-new.envigo-tech.co.uk\/wp-content\/uploads\/2025\/03\/Contact-us-Headmast-Banner.jpg","contentUrl":"https:\/\/oap-new.envigo-tech.co.uk\/wp-content\/uploads\/2025\/03\/Contact-us-Headmast-Banner.jpg","width":1440,"height":513,"caption":"Banner"},{"@type":"BreadcrumbList","@id":"https:\/\/oap-new.envigo-tech.co.uk\/contact\/#breadcrumb","itemListElement":[{"@type":"ListItem","position":1,"name":"Home","item":"https:\/\/oap-new.envigo-tech.co.uk\/"},{"@type":"ListItem","position":2,"name":"Contact"}]},{"@type":"WebSite","@id":"https:\/\/oap-new.envigo-tech.co.uk\/#website","url":"https:\/\/oap-new.envigo-tech.co.uk\/","name":"One Hotel Prive","description":"","publisher":{"@id":"https:\/\/oap-new.envigo-tech.co.uk\/#organization"},"potentialAction":[{"@type":"SearchAction","target":{"@type":"EntryPoint","urlTemplate":"https:\/\/oap-new.envigo-tech.co.uk\/?s={search_term_string}"},"query-input":{"@type":"PropertyValueSpecification","valueRequired":true,"valueName":"search_term_string"}}],"inLanguage":"de"},{"@type":"Organization","@id":"https:\/\/oap-new.envigo-tech.co.uk\/#organization","name":"One Hotel Prive","url":"https:\/\/oap-new.envigo-tech.co.uk\/","logo":{"@type":"ImageObject","inLanguage":"de","@id":"https:\/\/oap-new.envigo-tech.co.uk\/#\/schema\/logo\/image\/","url":"https:\/\/oap-new.envigo-tech.co.uk\/wp-content\/uploads\/2024\/11\/ohp-logo.png","contentUrl":"https:\/\/oap-new.envigo-tech.co.uk\/wp-content\/uploads\/2024\/11\/ohp-logo.png","width":204,"height":22,"caption":"One Hotel Prive"},"image":{"@id":"https:\/\/oap-new.envigo-tech.co.uk\/#\/schema\/logo\/image\/"}}]}},"_links":{"self":[{"href":"https:\/\/oap-new.envigo-tech.co.uk\/de\/wp-json\/wp\/v2\/pages\/14","targetHints":{"allow":["GET"]}}],"collection":[{"href":"https:\/\/oap-new.envigo-tech.co.uk\/de\/wp-json\/wp\/v2\/pages"}],"about":[{"href":"https:\/\/oap-new.envigo-tech.co.uk\/de\/wp-json\/wp\/v2\/types\/page"}],"author":[{"embeddable":true,"href":"https:\/\/oap-new.envigo-tech.co.uk\/de\/wp-json\/wp\/v2\/users\/11"}],"replies":[{"embeddable":true,"href":"https:\/\/oap-new.envigo-tech.co.uk\/de\/wp-json\/wp\/v2\/comments?post=14"}],"version-history":[{"count":25,"href":"https:\/\/oap-new.envigo-tech.co.uk\/de\/wp-json\/wp\/v2\/pages\/14\/revisions"}],"predecessor-version":[{"id":9742,"href":"https:\/\/oap-new.envigo-tech.co.uk\/de\/wp-json\/wp\/v2\/pages\/14\/revisions\/9742"}],"wp:featuredmedia":[{"embeddable":true,"href":"https:\/\/oap-new.envigo-tech.co.uk\/de\/wp-json\/wp\/v2\/media\/8919"}],"wp:attachment":[{"href":"https:\/\/oap-new.envigo-tech.co.uk\/de\/wp-json\/wp\/v2\/media?parent=14"}],"wp:term":[{"taxonomy":"page-category","embeddable":true,"href":"https:\/\/oap-new.envigo-tech.co.uk\/de\/wp-json\/wp\/v2\/page-category?post=14"}],"curies":[{"name":"wp","href":"https:\/\/api.w.org\/{rel}","templated":true}]}}